{"id":45,"date":"2018-02-19T17:19:40","date_gmt":"2018-02-19T16:19:40","guid":{"rendered":"http:\/\/blog.tido.world\/neuseeland\/?page_id=45"},"modified":"2018-02-21T18:13:51","modified_gmt":"2018-02-21T17:13:51","slug":"unsere-neuseelandreisen","status":"publish","type":"page","link":"http:\/\/blog.tido.world\/neuseeland\/","title":{"rendered":"Neuseeland"},"content":{"rendered":"<p><i class=\"fa fa-quote-left fa-2x fa-pull-left\"><\/i>Nachdem Gott die Welt erschaffen hatte und sich von der Arbeit ausruhen wollte, schuf er f\u00fcr sich etwas ganz Besonderes: Ein Land mit klaren, k\u00fchlen B\u00e4chen, Gletschern, Fjorden, aber auch warmen Meeren voller Fische, mit sonnigen Str\u00e4nden und \u00fcppig gr\u00fcnen W\u00e4ldern und Wiesen. Um sich an k\u00fchlen Tagen zu erw\u00e4rmen, lie\u00df er warme Quellen sprudeln. Und um dieses Idyll richtig genie\u00dfen zu k\u00f6nnen, hielt er giftige oder andere gef\u00e4hrliche Tiere fern. Dann trennte er das Ganze von der \u00fcbrigen Welt ab und verschob es an eine Stelle weitab von den anderen Landmassen, damit es von Kriegen verschont bleibe. Darum nennen die Neuseel\u00e4nder ihre Inselzwillinge zu Recht <em>Godzone<\/em> &#8211; God&#8217;s own country &#8211; das von Gott auserw\u00e4hlte Land.<\/p>\n<p id=\"post-subtitle\">Unsere Neuseelandreisen<\/p>\n<p><i class=\"fa fa-quote-left fa-2x fa-pull-left\"><\/i>Nun schon zweimal waren wir auf den beiden Inseln unterwegs und konnten zumindest ein paar der schier unendlich vielen sehenswerten Orte kennenlernen. Berichte zu unseren Reisen findet ihr hier:<\/p>\n<p><a href=\"http:\/\/blog.tido.world\/neuseeland\/category\/2011\">Neuseeland 2011<\/a><br \/>\n<a href=\"http:\/\/blog.tido.world\/neuseeland\/category\/2017\">Neuseeland 2017<\/a><\/p>\n","protected":false},"excerpt":{"rendered":"<p>Nachdem Gott die Welt erschaffen hatte und sich von der Arbeit ausruhen wollte, schuf er f\u00fcr sich etwas ganz Besonderes: Ein Land mit klaren, k\u00fchlen B\u00e4chen, Gletschern, Fjorden, aber auch warmen Meeren voller Fische, mit sonnigen Str\u00e4nden und \u00fcppig gr\u00fcnen W\u00e4ldern und Wiesen. Um sich an k\u00fchlen Tagen zu erw\u00e4rmen, lie\u00df er warme Quellen sprudeln. [&hellip;]<\/p>\n","protected":false},"author":1,"featured_media":0,"parent":0,"menu_order":0,"comment_status":"closed","ping_status":"closed","template":"","meta":{"ngg_post_thumbnail":0,"footnotes":""},"class_list":["post-45","page","type-page","status-publish","hentry"],"_links":{"self":[{"href":"http:\/\/blog.tido.world\/neuseeland\/wp-json\/wp\/v2\/pages\/45","targetHints":{"allow":["GET"]}}],"collection":[{"href":"http:\/\/blog.tido.world\/neuseeland\/wp-json\/wp\/v2\/pages"}],"about":[{"href":"http:\/\/blog.tido.world\/neuseeland\/wp-json\/wp\/v2\/types\/page"}],"author":[{"embeddable":true,"href":"http:\/\/blog.tido.world\/neuseeland\/wp-json\/wp\/v2\/users\/1"}],"replies":[{"embeddable":true,"href":"http:\/\/blog.tido.world\/neuseeland\/wp-json\/wp\/v2\/comments?post=45"}],"version-history":[{"count":0,"href":"http:\/\/blog.tido.world\/neuseeland\/wp-json\/wp\/v2\/pages\/45\/revisions"}],"wp:attachment":[{"href":"http:\/\/blog.tido.world\/neuseeland\/wp-json\/wp\/v2\/media?parent=45"}],"curies":[{"name":"wp","href":"https:\/\/api.w.org\/{rel}","templated":true}]}}